{"id":32,"date":"2026-03-17T03:07:16","date_gmt":"2026-03-17T02:07:16","guid":{"rendered":"https:\/\/kirstencafe.com\/?post_type=product&#038;p=32"},"modified":"2026-03-25T21:22:44","modified_gmt":"2026-03-25T20:22:44","slug":"cafe-dona-majka","status":"publish","type":"product","link":"https:\/\/kirstencafe.com\/?product=cafe-dona-majka","title":{"rendered":"Caf\u00e9 Do\u00f1a Majka"},"content":{"rendered":"<p data-start=\"2551\" data-end=\"2712\">Cultivado en la Hacienda Do\u00f1a Majka, Eb\u00e9jico, Antioquia, con tradici\u00f3n cafetera y procesos que garantizan calidad constante.<\/p>\n<p data-start=\"338\" data-end=\"585\">Un caf\u00e9 dise\u00f1ado para quienes buscan consistencia, intensidad y tradici\u00f3n en cada taza. Cultivado en la Hacienda Do\u00f1a Majka, en Eb\u00e9jico, Antioquia, este caf\u00e9 de alta rotaci\u00f3n ofrece un perfil fuerte y confiable, perfecto para el consumo frecuente.<\/p>\n<p data-start=\"587\" data-end=\"757\">Su tueste alto resalta notas profundas y un cuerpo robusto, convirti\u00e9ndolo en una excelente opci\u00f3n tanto para el hogar como para negocios que requieren calidad constante.<\/p>\n<p data-start=\"759\" data-end=\"865\"><strong data-start=\"759\" data-end=\"781\">Notas sensoriales:<\/strong><br data-start=\"781\" data-end=\"784\" \/>Cacao, chocolate oscuro y notas tostadas intensas, con cuerpo alto y baja acidez.<\/p>\n<p data-start=\"867\" data-end=\"991\"><strong data-start=\"867\" data-end=\"889\">Perfil de consumo:<\/strong><br data-start=\"889\" data-end=\"892\" \/>Ideal para consumo frecuente en hogares, oficinas o negocios.<br data-start=\"953\" data-end=\"956\" \/>Perfil fuerte, cl\u00e1sico y confiable.<\/p>\n<p data-start=\"993\" data-end=\"1063\"><strong data-start=\"993\" data-end=\"1018\">M\u00e9todos recomendados:<\/strong><br data-start=\"1018\" data-end=\"1021\" \/>Cafetera de goteo, italiana (moka), greca.<\/p>\n<p data-start=\"1065\" data-end=\"1154\"><strong data-start=\"1065\" data-end=\"1105\">Preparaci\u00f3n (cantidad de caf\u00e9\/agua):<\/strong><br data-start=\"1105\" data-end=\"1108\" \/>Relaci\u00f3n 1:16 (20g de caf\u00e9 por 320ml de agua).<\/p>\n<p data-start=\"1156\" data-end=\"1177\"><strong data-start=\"1156\" data-end=\"1168\">Gramaje:<\/strong><br data-start=\"1168\" data-end=\"1171\" \/>2500g.<\/p>\n<p data-start=\"1179\" data-end=\"1223\"><strong data-start=\"1179\" data-end=\"1201\">Altura de cultivo:<\/strong><br data-start=\"1201\" data-end=\"1204\" \/>1.450 \u2013 1.550 msnm.<\/p>\n<p data-start=\"1179\" data-end=\"1223\"><strong data-start=\"1225\" data-end=\"1247\">Variedad de grano:<\/strong><br data-start=\"1247\" data-end=\"1250\" \/>100% Ar\u00e1bigo &#8211; Colombiano.<\/p>\n","protected":false},"excerpt":{"rendered":"<p data-start=\"3839\" data-end=\"3953\">Caf\u00e9 tradicional colombiano de alta intensidad con notas a cacao y chocolate oscuro, ideal para consumo diario en hogares y negocios.<\/p>\n<p data-start=\"3839\" data-end=\"3953\">Tueste: alto<\/p>\n<p><strong>Presentaci\u00f3n:<br \/>\n<\/strong>Molido Fino<\/p>\n<p><strong>Gramaje:<br \/>\n<\/strong>2500g<\/p>\n","protected":false},"featured_media":45,"comment_status":"open","ping_status":"closed","template":"","meta":[],"product_brand":[],"product_cat":[16],"product_tag":[],"class_list":{"0":"post-32","1":"product","2":"type-product","3":"status-publish","4":"has-post-thumbnail","6":"product_cat-cafe","8":"first","9":"instock","10":"shipping-taxable","11":"purchasable","12":"product-type-simple"},"_links":{"self":[{"href":"https:\/\/kirstencafe.com\/index.php?rest_route=\/wp\/v2\/product\/32","targetHints":{"allow":["GET"]}}],"collection":[{"href":"https:\/\/kirstencafe.com\/index.php?rest_route=\/wp\/v2\/product"}],"about":[{"href":"https:\/\/kirstencafe.com\/index.php?rest_route=\/wp\/v2\/types\/product"}],"replies":[{"embeddable":true,"href":"https:\/\/kirstencafe.com\/index.php?rest_route=%2Fwp%2Fv2%2Fcomments&post=32"}],"wp:featuredmedia":[{"embeddable":true,"href":"https:\/\/kirstencafe.com\/index.php?rest_route=\/wp\/v2\/media\/45"}],"wp:attachment":[{"href":"https:\/\/kirstencafe.com\/index.php?rest_route=%2Fwp%2Fv2%2Fmedia&parent=32"}],"wp:term":[{"taxonomy":"product_brand","embeddable":true,"href":"https:\/\/kirstencafe.com\/index.php?rest_route=%2Fwp%2Fv2%2Fproduct_brand&post=32"},{"taxonomy":"product_cat","embeddable":true,"href":"https:\/\/kirstencafe.com\/index.php?rest_route=%2Fwp%2Fv2%2Fproduct_cat&post=32"},{"taxonomy":"product_tag","embeddable":true,"href":"https:\/\/kirstencafe.com\/index.php?rest_route=%2Fwp%2Fv2%2Fproduct_tag&post=32"}],"curies":[{"name":"wp","href":"https:\/\/api.w.org\/{rel}","templated":true}]}}