{"id":31,"date":"2026-03-17T03:07:16","date_gmt":"2026-03-17T02:07:16","guid":{"rendered":"https:\/\/kirstencafe.com\/?post_type=product&#038;p=31"},"modified":"2026-03-19T16:37:59","modified_gmt":"2026-03-19T15:37:59","slug":"cuchara","status":"publish","type":"product","link":"https:\/\/kirstencafe.com\/?product=cuchara","title":{"rendered":"Cuchara Medidora"},"content":{"rendered":"<p>Cuchara dosificadora con sistema de medici\u00f3n r\u00e1pida que facilita la preparaci\u00f3n precisa del caf\u00e9 en cada uso.<\/p>\n","protected":false},"excerpt":{"rendered":"<p>Dosificaci\u00f3n r\u00e1pida y precisa para preparar caf\u00e9 sin errores.<\/p>\n","protected":false},"featured_media":44,"comment_status":"open","ping_status":"closed","template":"","meta":[],"product_brand":[],"product_cat":[18],"product_tag":[],"class_list":{"0":"post-31","1":"product","2":"type-product","3":"status-publish","4":"has-post-thumbnail","6":"product_cat-accesorios-para-cafe","8":"first","9":"instock","10":"shipping-taxable","11":"purchasable","12":"product-type-simple"},"_links":{"self":[{"href":"https:\/\/kirstencafe.com\/index.php?rest_route=\/wp\/v2\/product\/31","targetHints":{"allow":["GET"]}}],"collection":[{"href":"https:\/\/kirstencafe.com\/index.php?rest_route=\/wp\/v2\/product"}],"about":[{"href":"https:\/\/kirstencafe.com\/index.php?rest_route=\/wp\/v2\/types\/product"}],"replies":[{"embeddable":true,"href":"https:\/\/kirstencafe.com\/index.php?rest_route=%2Fwp%2Fv2%2Fcomments&post=31"}],"wp:featuredmedia":[{"embeddable":true,"href":"https:\/\/kirstencafe.com\/index.php?rest_route=\/wp\/v2\/media\/44"}],"wp:attachment":[{"href":"https:\/\/kirstencafe.com\/index.php?rest_route=%2Fwp%2Fv2%2Fmedia&parent=31"}],"wp:term":[{"taxonomy":"product_brand","embeddable":true,"href":"https:\/\/kirstencafe.com\/index.php?rest_route=%2Fwp%2Fv2%2Fproduct_brand&post=31"},{"taxonomy":"product_cat","embeddable":true,"href":"https:\/\/kirstencafe.com\/index.php?rest_route=%2Fwp%2Fv2%2Fproduct_cat&post=31"},{"taxonomy":"product_tag","embeddable":true,"href":"https:\/\/kirstencafe.com\/index.php?rest_route=%2Fwp%2Fv2%2Fproduct_tag&post=31"}],"curies":[{"name":"wp","href":"https:\/\/api.w.org\/{rel}","templated":true}]}}