{"id":29,"date":"2026-03-17T03:07:16","date_gmt":"2026-03-17T02:07:16","guid":{"rendered":"https:\/\/kirstencafe.com\/?post_type=product&#038;p=29"},"modified":"2026-03-19T16:36:31","modified_gmt":"2026-03-19T15:36:31","slug":"drips-coffee-para-tus-viajes","status":"publish","type":"product","link":"https:\/\/kirstencafe.com\/?product=drips-coffee-para-tus-viajes","title":{"rendered":"Drips Kirsten Caf\u00e9"},"content":{"rendered":"<p data-start=\"3363\" data-end=\"3527\">Formato pr\u00e1ctico de caf\u00e9 en filtro individual. Permite preparar una taza de caf\u00e9 especial simplemente agregando agua caliente, sin necesidad de equipos adicionales.<\/p>\n<p data-start=\"3529\" data-end=\"3551\"><strong data-start=\"3529\" data-end=\"3549\">Uso recomendado:<\/strong><\/p>\n<ul data-start=\"3552\" data-end=\"3602\">\n<li data-section-id=\"101joay\" data-start=\"3552\" data-end=\"3562\">\n<p data-start=\"3554\" data-end=\"3562\">Viajes<\/p>\n<\/li>\n<li data-section-id=\"1fd9zbh\" data-start=\"3563\" data-end=\"3574\">\n<p data-start=\"3565\" data-end=\"3574\">Oficina<\/p>\n<\/li>\n<li data-section-id=\"yvrekv\" data-start=\"3575\" data-end=\"3602\">\n<p data-start=\"3577\" data-end=\"3602\">Degustaci\u00f3n de producto<\/p>\n<\/li>\n<\/ul>\n","protected":false},"excerpt":{"rendered":"<p>Caf\u00e9 individual listo para preparar, pr\u00e1ctico y sin necesidad de equipos.<\/p>\n","protected":false},"featured_media":40,"comment_status":"open","ping_status":"closed","template":"","meta":[],"product_brand":[],"product_cat":[16],"product_tag":[],"class_list":{"0":"post-29","1":"product","2":"type-product","3":"status-publish","4":"has-post-thumbnail","6":"product_cat-cafe","8":"first","9":"instock","10":"shipping-taxable","11":"purchasable","12":"product-type-simple"},"_links":{"self":[{"href":"https:\/\/kirstencafe.com\/index.php?rest_route=\/wp\/v2\/product\/29","targetHints":{"allow":["GET"]}}],"collection":[{"href":"https:\/\/kirstencafe.com\/index.php?rest_route=\/wp\/v2\/product"}],"about":[{"href":"https:\/\/kirstencafe.com\/index.php?rest_route=\/wp\/v2\/types\/product"}],"replies":[{"embeddable":true,"href":"https:\/\/kirstencafe.com\/index.php?rest_route=%2Fwp%2Fv2%2Fcomments&post=29"}],"wp:featuredmedia":[{"embeddable":true,"href":"https:\/\/kirstencafe.com\/index.php?rest_route=\/wp\/v2\/media\/40"}],"wp:attachment":[{"href":"https:\/\/kirstencafe.com\/index.php?rest_route=%2Fwp%2Fv2%2Fmedia&parent=29"}],"wp:term":[{"taxonomy":"product_brand","embeddable":true,"href":"https:\/\/kirstencafe.com\/index.php?rest_route=%2Fwp%2Fv2%2Fproduct_brand&post=29"},{"taxonomy":"product_cat","embeddable":true,"href":"https:\/\/kirstencafe.com\/index.php?rest_route=%2Fwp%2Fv2%2Fproduct_cat&post=29"},{"taxonomy":"product_tag","embeddable":true,"href":"https:\/\/kirstencafe.com\/index.php?rest_route=%2Fwp%2Fv2%2Fproduct_tag&post=29"}],"curies":[{"name":"wp","href":"https:\/\/api.w.org\/{rel}","templated":true}]}}