{"id":17,"date":"2026-03-17T03:07:13","date_gmt":"2026-03-17T02:07:13","guid":{"rendered":"https:\/\/kirstencafe.com\/?post_type=product&#038;p=17"},"modified":"2026-03-25T17:58:02","modified_gmt":"2026-03-25T16:58:02","slug":"edicion-especial","status":"publish","type":"product","link":"https:\/\/kirstencafe.com\/?product=edicion-especial","title":{"rendered":"Kirsten Caf\u00e9 Edicion Especial"},"content":{"rendered":"<p data-start=\"1926\" data-end=\"2119\">Selecci\u00f3n de varietales Geisha y Bourbon Rosado, procesados para resaltar caracter\u00edsticas arom\u00e1ticas y sabores ex\u00f3ticos. Perfil variable seg\u00fan cosecha, con alta complejidad y expresi\u00f3n en taza.<\/p>\n<p data-start=\"2121\" data-end=\"2190\">Producci\u00f3n limitada, cultivada por mujeres caficultoras en Antioquia.<\/p>\n<p data-start=\"2192\" data-end=\"2216\"><strong data-start=\"2192\" data-end=\"2214\">Perfil de consumo:<\/strong><\/p>\n<ul data-start=\"2217\" data-end=\"2323\">\n<li data-section-id=\"1fpqmd0\" data-start=\"2217\" data-end=\"2268\">\n<p data-start=\"2219\" data-end=\"2268\">Dirigido a consumidores de caf\u00e9 de especialidad<\/p>\n<\/li>\n<li data-section-id=\"1m2eo3q\" data-start=\"2269\" data-end=\"2323\">\n<p data-start=\"2271\" data-end=\"2323\">Enfocado en experiencias sensoriales diferenciadas<\/p>\n<\/li>\n<\/ul>\n<p data-start=\"2325\" data-end=\"2389\"><strong data-start=\"2325\" data-end=\"2350\">M\u00e9todos recomendados:<\/strong><br data-start=\"2350\" data-end=\"2353\" \/>Filtrados (V60, Chemex, entre otros)<\/p>\n","protected":false},"excerpt":{"rendered":"<ul>\n<li><span style=\"font-weight: 400;\">Caf\u00e9 de Temporada Especial con perfiles ex\u00f3ticos y alta complejidad sensorial.<\/span><\/li>\n<li>100% Ar\u00e1bigo-Colombiano.<\/li>\n<\/ul>\n","protected":false},"featured_media":37,"comment_status":"open","ping_status":"closed","template":"","meta":[],"product_brand":[],"product_cat":[16],"product_tag":[],"class_list":{"0":"post-17","1":"product","2":"type-product","3":"status-publish","4":"has-post-thumbnail","6":"product_cat-cafe","8":"first","9":"outofstock","10":"shipping-taxable","11":"purchasable","12":"product-type-variable"},"_links":{"self":[{"href":"https:\/\/kirstencafe.com\/index.php?rest_route=\/wp\/v2\/product\/17","targetHints":{"allow":["GET"]}}],"collection":[{"href":"https:\/\/kirstencafe.com\/index.php?rest_route=\/wp\/v2\/product"}],"about":[{"href":"https:\/\/kirstencafe.com\/index.php?rest_route=\/wp\/v2\/types\/product"}],"replies":[{"embeddable":true,"href":"https:\/\/kirstencafe.com\/index.php?rest_route=%2Fwp%2Fv2%2Fcomments&post=17"}],"wp:featuredmedia":[{"embeddable":true,"href":"https:\/\/kirstencafe.com\/index.php?rest_route=\/wp\/v2\/media\/37"}],"wp:attachment":[{"href":"https:\/\/kirstencafe.com\/index.php?rest_route=%2Fwp%2Fv2%2Fmedia&parent=17"}],"wp:term":[{"taxonomy":"product_brand","embeddable":true,"href":"https:\/\/kirstencafe.com\/index.php?rest_route=%2Fwp%2Fv2%2Fproduct_brand&post=17"},{"taxonomy":"product_cat","embeddable":true,"href":"https:\/\/kirstencafe.com\/index.php?rest_route=%2Fwp%2Fv2%2Fproduct_cat&post=17"},{"taxonomy":"product_tag","embeddable":true,"href":"https:\/\/kirstencafe.com\/index.php?rest_route=%2Fwp%2Fv2%2Fproduct_tag&post=17"}],"curies":[{"name":"wp","href":"https:\/\/api.w.org\/{rel}","templated":true}]}}