{"id":9,"date":"2026-03-17T02:59:47","date_gmt":"2026-03-17T01:59:47","guid":{"rendered":"https:\/\/kirstencafe.com\/?page_id=9"},"modified":"2026-03-17T03:13:21","modified_gmt":"2026-03-17T02:13:21","slug":"carrito","status":"publish","type":"page","link":"https:\/\/kirstencafe.com\/?page_id=9","title":{"rendered":"Carrito"},"content":{"rendered":"\n<div data-block-name=\"woocommerce\/cart\" class=\"wp-block-woocommerce-cart alignwide is-loading\">\n<div data-block-name=\"woocommerce\/filled-cart-block\" class=\"wp-block-woocommerce-filled-cart-block\">\n<div data-block-name=\"woocommerce\/cart-items-block\" class=\"wp-block-woocommerce-cart-items-block\">\n<div data-block-name=\"woocommerce\/cart-line-items-block\" class=\"wp-block-woocommerce-cart-line-items-block\"><\/div>\n\n\n<\/div>\n\n\n\n\n<div data-block-name=\"woocommerce\/cart-totals-block\" class=\"wp-block-woocommerce-cart-totals-block\">\n<div data-block-name=\"woocommerce\/cart-order-summary-block\" class=\"wp-block-woocommerce-cart-order-summary-block\">\n<div data-block-name=\"woocommerce\/cart-order-summary-heading-block\" class=\"wp-block-woocommerce-cart-order-summary-heading-block\"><\/div><div data-block-name=\"woocommerce\/cart-order-summary-coupon-form-block\" class=\"wp-block-woocommerce-cart-order-summary-coupon-form-block\"><\/div><div data-block-name=\"woocommerce\/cart-order-summary-totals-block\" class=\"wp-block-woocommerce-cart-order-summary-totals-block\">\n<div data-block-name=\"woocommerce\/cart-order-summary-subtotal-block\" class=\"wp-block-woocommerce-cart-order-summary-subtotal-block\"><\/div>\n<div data-block-name=\"woocommerce\/cart-order-summary-discount-block\" class=\"wp-block-woocommerce-cart-order-summary-discount-block\"><\/div>\n<div data-block-name=\"woocommerce\/cart-order-summary-fee-block\" class=\"wp-block-woocommerce-cart-order-summary-fee-block\"><\/div>\n<div data-block-name=\"woocommerce\/cart-order-summary-shipping-block\" class=\"wp-block-woocommerce-cart-order-summary-shipping-block\"><\/div>\n<div data-block-name=\"woocommerce\/cart-order-summary-taxes-block\" class=\"wp-block-woocommerce-cart-order-summary-taxes-block\"><\/div><\/div>\n<\/div>\n\n\n\n<div data-block-name=\"woocommerce\/cart-express-payment-block\" class=\"wp-block-woocommerce-cart-express-payment-block\"><\/div>\n\n\n\n<div data-block-name=\"woocommerce\/proceed-to-checkout-block\" class=\"wp-block-woocommerce-proceed-to-checkout-block\"><\/div>\n\n\n\n<div data-block-name=\"woocommerce\/cart-accepted-payment-methods-block\" class=\"wp-block-woocommerce-cart-accepted-payment-methods-block\"><\/div>\n<\/div>\n<\/div>\n\n\n\n<div data-block-name=\"woocommerce\/empty-cart-block\" class=\"wp-block-woocommerce-empty-cart-block\">\n<h2 class=\"wp-block-heading has-text-align-center with-empty-cart-icon wc-block-cart__empty-cart__title\">\u00a1Tu carrito est\u00e1 actualmente vac\u00edo!<\/h2>\n\n\n\n<hr class=\"wp-block-separator has-alpha-channel-opacity is-style-dots\"\/>\n\n\n\n<h2 class=\"wp-block-heading has-text-align-center\">Nuevo en la tienda<\/h2>\n\n\n<div data-block-name=\"woocommerce\/product-new\" data-columns=\"4\" data-rows=\"1\" class=\"wc-block-grid wp-block-product-new wp-block-woocommerce-product-new wc-block-product-new has-4-columns\"><ul class=\"wc-block-grid__products\"><li class=\"wc-block-grid__product\">\n\t\t\t\t<a href=\"https:\/\/kirstencafe.com\/?product=cafe-dona-majka\" class=\"wc-block-grid__product-link\">\n\t\t\t\t\t\n\t\t\t\t\t<div class=\"wc-block-grid__product-image\"><img loading=\"lazy\" decoding=\"async\" width=\"300\" height=\"433\" src=\"https:\/\/kirstencafe.com\/wp-content\/uploads\/2026\/03\/Cafe-Dona-Majka-2500-gr-1-300x433.png\" class=\"attachment-woocommerce_thumbnail size-woocommerce_thumbnail\" alt=\"Caf\u00e9 Do\u00f1a Majka\" srcset=\"https:\/\/kirstencafe.com\/wp-content\/uploads\/2026\/03\/Cafe-Dona-Majka-2500-gr-1-300x433.png 300w, https:\/\/kirstencafe.com\/wp-content\/uploads\/2026\/03\/Cafe-Dona-Majka-2500-gr-1-600x866.png 600w, https:\/\/kirstencafe.com\/wp-content\/uploads\/2026\/03\/Cafe-Dona-Majka-2500-gr-1.png 1525w\" sizes=\"auto, (max-width: 300px) 100vw, 300px\" \/><\/div>\n\t\t\t\t\t<div class=\"wc-block-grid__product-title\">Caf\u00e9 Do\u00f1a Majka<\/div>\n\t\t\t\t<\/a>\n\t\t\t\t<div class=\"wc-block-grid__product-price price\"><span class=\"woocommerce-Price-amount amount\"><span class=\"woocommerce-Price-currencySymbol\">&#036;<\/span>&nbsp;110.000<\/span><\/div>\n\t\t\t\t\n\t\t\t\t<div class=\"wp-block-button wc-block-grid__product-add-to-cart\"><a href=\"\/index.php?rest_route=%2Fwp%2Fv2%2Fpages%2F9&#038;add-to-cart=32\" aria-label=\"A\u00f1adir al carrito: &ldquo;Caf\u00e9 Do\u00f1a Majka&rdquo;\" data-quantity=\"1\" data-product_id=\"32\" data-product_sku=\"\" data-price=\"110000\" rel=\"nofollow\" class=\"wp-block-button__link  add_to_cart_button ajax_add_to_cart\">A\u00f1adir al carrito<\/a><\/div>\n\t\t\t<\/li><li class=\"wc-block-grid__product\">\n\t\t\t\t<a href=\"https:\/\/kirstencafe.com\/?product=cuchara\" class=\"wc-block-grid__product-link\">\n\t\t\t\t\t\n\t\t\t\t\t<div class=\"wc-block-grid__product-image\"><img loading=\"lazy\" decoding=\"async\" width=\"300\" height=\"314\" src=\"https:\/\/kirstencafe.com\/wp-content\/uploads\/2026\/03\/Cuchara-medidora-de-cafe-1-300x314.png\" class=\"attachment-woocommerce_thumbnail size-woocommerce_thumbnail\" alt=\"Cuchara Medidora\" srcset=\"https:\/\/kirstencafe.com\/wp-content\/uploads\/2026\/03\/Cuchara-medidora-de-cafe-1-300x314.png 300w, https:\/\/kirstencafe.com\/wp-content\/uploads\/2026\/03\/Cuchara-medidora-de-cafe-1-600x627.png 600w, https:\/\/kirstencafe.com\/wp-content\/uploads\/2026\/03\/Cuchara-medidora-de-cafe-1-287x300.png 287w, https:\/\/kirstencafe.com\/wp-content\/uploads\/2026\/03\/Cuchara-medidora-de-cafe-1-768x803.png 768w, https:\/\/kirstencafe.com\/wp-content\/uploads\/2026\/03\/Cuchara-medidora-de-cafe-1.png 901w\" sizes=\"auto, (max-width: 300px) 100vw, 300px\" \/><\/div>\n\t\t\t\t\t<div class=\"wc-block-grid__product-title\">Cuchara Medidora<\/div>\n\t\t\t\t<\/a>\n\t\t\t\t<div class=\"wc-block-grid__product-price price\"><span class=\"woocommerce-Price-amount amount\"><span class=\"woocommerce-Price-currencySymbol\">&#036;<\/span>&nbsp;15.000<\/span><\/div>\n\t\t\t\t\n\t\t\t\t<div class=\"wp-block-button wc-block-grid__product-add-to-cart\"><a href=\"\/index.php?rest_route=%2Fwp%2Fv2%2Fpages%2F9&#038;add-to-cart=31\" aria-label=\"A\u00f1adir al carrito: &ldquo;Cuchara Medidora&rdquo;\" data-quantity=\"1\" data-product_id=\"31\" data-product_sku=\"\" data-price=\"15000\" rel=\"nofollow\" class=\"wp-block-button__link  add_to_cart_button ajax_add_to_cart\">A\u00f1adir al carrito<\/a><\/div>\n\t\t\t<\/li><li class=\"wc-block-grid__product\">\n\t\t\t\t<a href=\"https:\/\/kirstencafe.com\/?product=cafetera-prensa-francesa\" class=\"wc-block-grid__product-link\">\n\t\t\t\t\t\n\t\t\t\t\t<div class=\"wc-block-grid__product-image\"><img loading=\"lazy\" decoding=\"async\" width=\"300\" height=\"365\" src=\"https:\/\/kirstencafe.com\/wp-content\/uploads\/2026\/03\/Prensa-francesa-350-ml-1-300x365.png\" class=\"attachment-woocommerce_thumbnail size-woocommerce_thumbnail\" alt=\"Prensa Francesa 350mL\" srcset=\"https:\/\/kirstencafe.com\/wp-content\/uploads\/2026\/03\/Prensa-francesa-350-ml-1-300x365.png 300w, https:\/\/kirstencafe.com\/wp-content\/uploads\/2026\/03\/Prensa-francesa-350-ml-1-600x729.png 600w, https:\/\/kirstencafe.com\/wp-content\/uploads\/2026\/03\/Prensa-francesa-350-ml-1-247x300.png 247w, https:\/\/kirstencafe.com\/wp-content\/uploads\/2026\/03\/Prensa-francesa-350-ml-1-842x1024.png 842w, https:\/\/kirstencafe.com\/wp-content\/uploads\/2026\/03\/Prensa-francesa-350-ml-1-768x934.png 768w, https:\/\/kirstencafe.com\/wp-content\/uploads\/2026\/03\/Prensa-francesa-350-ml-1.png 858w\" sizes=\"auto, (max-width: 300px) 100vw, 300px\" \/><\/div>\n\t\t\t\t\t<div class=\"wc-block-grid__product-title\">Prensa Francesa 350mL<\/div>\n\t\t\t\t<\/a>\n\t\t\t\t<div class=\"wc-block-grid__product-price price\"><span class=\"woocommerce-Price-amount amount\"><span class=\"woocommerce-Price-currencySymbol\">&#036;<\/span>&nbsp;47.900<\/span><\/div>\n\t\t\t\t\n\t\t\t\t<div class=\"wp-block-button wc-block-grid__product-add-to-cart\"><a href=\"\/index.php?rest_route=%2Fwp%2Fv2%2Fpages%2F9&#038;add-to-cart=30\" aria-label=\"A\u00f1adir al carrito: &ldquo;Prensa Francesa 350mL&rdquo;\" data-quantity=\"1\" data-product_id=\"30\" data-product_sku=\"\" data-price=\"47900\" rel=\"nofollow\" class=\"wp-block-button__link  add_to_cart_button ajax_add_to_cart\">A\u00f1adir al carrito<\/a><\/div>\n\t\t\t<\/li><li class=\"wc-block-grid__product\">\n\t\t\t\t<a href=\"https:\/\/kirstencafe.com\/?product=drips-coffee-para-tus-viajes\" class=\"wc-block-grid__product-link\">\n\t\t\t\t\t\n\t\t\t\t\t<div class=\"wc-block-grid__product-image\"><img loading=\"lazy\" decoding=\"async\" width=\"300\" height=\"353\" src=\"https:\/\/kirstencafe.com\/wp-content\/uploads\/2026\/03\/Drip-Coffee-10-gr-1-300x353.png\" class=\"attachment-woocommerce_thumbnail size-woocommerce_thumbnail\" alt=\"Drips Kirsten Caf\u00e9\" srcset=\"https:\/\/kirstencafe.com\/wp-content\/uploads\/2026\/03\/Drip-Coffee-10-gr-1-300x353.png 300w, https:\/\/kirstencafe.com\/wp-content\/uploads\/2026\/03\/Drip-Coffee-10-gr-1-255x300.png 255w, https:\/\/kirstencafe.com\/wp-content\/uploads\/2026\/03\/Drip-Coffee-10-gr-1.png 576w\" sizes=\"auto, (max-width: 300px) 100vw, 300px\" \/><\/div>\n\t\t\t\t\t<div class=\"wc-block-grid__product-title\">Drips Kirsten Caf\u00e9<\/div>\n\t\t\t\t<\/a>\n\t\t\t\t<div class=\"wc-block-grid__product-price price\"><span class=\"woocommerce-Price-amount amount\"><span class=\"woocommerce-Price-currencySymbol\">&#036;<\/span>&nbsp;5.900<\/span><\/div>\n\t\t\t\t\n\t\t\t\t<div class=\"wp-block-button wc-block-grid__product-add-to-cart\"><a href=\"\/index.php?rest_route=%2Fwp%2Fv2%2Fpages%2F9&#038;add-to-cart=29\" aria-label=\"A\u00f1adir al carrito: &ldquo;Drips Kirsten Caf\u00e9&rdquo;\" data-quantity=\"1\" data-product_id=\"29\" data-product_sku=\"\" data-price=\"5900\" rel=\"nofollow\" class=\"wp-block-button__link  add_to_cart_button ajax_add_to_cart\">A\u00f1adir al carrito<\/a><\/div>\n\t\t\t<\/li><\/ul><\/div><\/div>\n<\/div>\n","protected":false},"excerpt":{"rendered":"","protected":false},"author":1,"featured_media":0,"parent":0,"menu_order":0,"comment_status":"closed","ping_status":"closed","template":"","meta":{"footnotes":""},"class_list":["post-9","page","type-page","status-publish","hentry"],"_links":{"self":[{"href":"https:\/\/kirstencafe.com\/index.php?rest_route=\/wp\/v2\/pages\/9","targetHints":{"allow":["GET"]}}],"collection":[{"href":"https:\/\/kirstencafe.com\/index.php?rest_route=\/wp\/v2\/pages"}],"about":[{"href":"https:\/\/kirstencafe.com\/index.php?rest_route=\/wp\/v2\/types\/page"}],"author":[{"embeddable":true,"href":"https:\/\/kirstencafe.com\/index.php?rest_route=\/wp\/v2\/users\/1"}],"replies":[{"embeddable":true,"href":"https:\/\/kirstencafe.com\/index.php?rest_route=%2Fwp%2Fv2%2Fcomments&post=9"}],"version-history":[{"count":2,"href":"https:\/\/kirstencafe.com\/index.php?rest_route=\/wp\/v2\/pages\/9\/revisions"}],"predecessor-version":[{"id":80,"href":"https:\/\/kirstencafe.com\/index.php?rest_route=\/wp\/v2\/pages\/9\/revisions\/80"}],"wp:attachment":[{"href":"https:\/\/kirstencafe.com\/index.php?rest_route=%2Fwp%2Fv2%2Fmedia&parent=9"}],"curies":[{"name":"wp","href":"https:\/\/api.w.org\/{rel}","templated":true}]}}